{"id":43,"date":"2022-09-02T10:07:00","date_gmt":"2022-09-02T07:07:00","guid":{"rendered":"https:\/\/kj-ilmastointi.fi\/?page_id=43"},"modified":"2022-09-02T12:26:40","modified_gmt":"2022-09-02T09:26:40","slug":"palvelut-2","status":"publish","type":"page","link":"https:\/\/kj-ilmastointi.fi\/?page_id=43","title":{"rendered":"Palvelut"},"content":{"rendered":"\n<hr class=\"wp-block-separator has-alpha-channel-opacity\"\/>\n\n\n\n<p><strong>Asennukset<\/strong><br>Uudis- ja saneerauskohteiden ilmanvaihtoasennukset<strong><br><br>Puhdistukset<\/strong><br>Ilmanvaihtoj\u00e4rjestelmien puhdistukset ja kuntokartoitukset<br>Tulo- ja poistoilmakanavat, rasvakanavat<br>Pinnoitus ja kanavien kuvaus<\/p>\n\n\n\n<p><strong>Mittaus ja s\u00e4\u00e4t\u00f6<\/strong><br>Ilmam\u00e4\u00e4rien mittaus- ja s\u00e4\u00e4t\u00f6ty\u00f6t<br>Kanavien tiiveyskokeet ja \u00e4\u00e4nitasomittaukset<\/p>\n\n\n\n<p><strong>Huolto<\/strong><br>Ilmastointikoneiden vuosihuollot ja korjaukset<br>Suodattimien, laakerien ja hihnojen vaihto<\/p>\n\n\n\n<p><strong>Konsultointi<\/strong><br>IV-ty\u00f6njohtoteht\u00e4v\u00e4t<br>Ilmanvaihdon ongelmien kartoitus, raportointi ja korjausehdotukset<\/p>\n","protected":false},"excerpt":{"rendered":"<p>AsennuksetUudis- ja saneerauskohteiden ilmanvaihtoasennukset PuhdistuksetIlmanvaihtoj\u00e4rjestelmien puhdistukset ja kuntokartoituksetTulo- ja poistoilmakanavat, rasvakanavatPinnoitus ja kanavien kuvaus Mittaus ja s\u00e4\u00e4t\u00f6Ilmam\u00e4\u00e4rien mittaus- ja s\u00e4\u00e4t\u00f6ty\u00f6tKanavien tiiveyskokeet ja \u00e4\u00e4nitasomittaukset HuoltoIlmastointikoneiden vuosihuollot ja korjauksetSuodattimien, laakerien ja hihnojen vaihto KonsultointiIV-ty\u00f6njohtoteht\u00e4v\u00e4tIlmanvaihdon ongelmien kartoitus, raportointi ja korjausehdotukset<\/p>\n","protected":false},"author":1,"featured_media":77,"parent":0,"menu_order":0,"comment_status":"closed","ping_status":"closed","template":"","meta":{"footnotes":""},"class_list":["post-43","page","type-page","status-publish","has-post-thumbnail","hentry"],"_links":{"self":[{"href":"https:\/\/kj-ilmastointi.fi\/index.php?rest_route=\/wp\/v2\/pages\/43","targetHints":{"allow":["GET"]}}],"collection":[{"href":"https:\/\/kj-ilmastointi.fi\/index.php?rest_route=\/wp\/v2\/pages"}],"about":[{"href":"https:\/\/kj-ilmastointi.fi\/index.php?rest_route=\/wp\/v2\/types\/page"}],"author":[{"embeddable":true,"href":"https:\/\/kj-ilmastointi.fi\/index.php?rest_route=\/wp\/v2\/users\/1"}],"replies":[{"embeddable":true,"href":"https:\/\/kj-ilmastointi.fi\/index.php?rest_route=%2Fwp%2Fv2%2Fcomments&post=43"}],"version-history":[{"count":6,"href":"https:\/\/kj-ilmastointi.fi\/index.php?rest_route=\/wp\/v2\/pages\/43\/revisions"}],"predecessor-version":[{"id":103,"href":"https:\/\/kj-ilmastointi.fi\/index.php?rest_route=\/wp\/v2\/pages\/43\/revisions\/103"}],"wp:featuredmedia":[{"embeddable":true,"href":"https:\/\/kj-ilmastointi.fi\/index.php?rest_route=\/wp\/v2\/media\/77"}],"wp:attachment":[{"href":"https:\/\/kj-ilmastointi.fi\/index.php?rest_route=%2Fwp%2Fv2%2Fmedia&parent=43"}],"curies":[{"name":"wp","href":"https:\/\/api.w.org\/{rel}","templated":true}]}}